{"id":1313,"date":"2020-06-29T10:19:04","date_gmt":"2020-06-29T08:19:04","guid":{"rendered":"http:\/\/zeus.umh.es\/?page_id=1313"},"modified":"2022-06-20T13:26:18","modified_gmt":"2022-06-20T11:26:18","slug":"configurar-cookies","status":"publish","type":"page","link":"https:\/\/zeus.umh.es\/ca\/cookies\/configurar-cookies\/","title":{"rendered":"<span lang=\"es\">(Espa\u00f1ol) Configurar cookies<\/span>"},"content":{"rendered":"<p class=\"qtranxs-available-languages-message qtranxs-available-languages-message-ca\">Ho sentim, per\u00f2 aquesta entrada es troba disponible \u00fanicament en <a href=\"https:\/\/zeus.umh.es\/es\/wp-json\/wp\/v2\/pages\/1313\" class=\"qtranxs-available-language-link qtranxs-available-language-link-es\" title=\"Espa\u00f1ol\">Espa\u00f1ol<\/a><\/p>","protected":false},"excerpt":{"rendered":"<p>Ho sentim, per\u00f2 aquesta entrada es troba disponible \u00fanicament en Espa\u00f1ol<\/p>\n","protected":false},"author":4,"featured_media":0,"parent":1310,"menu_order":0,"comment_status":"closed","ping_status":"closed","template":"","meta":{"ngg_post_thumbnail":0,"_links_to":"","_links_to_target":""},"_links":{"self":[{"href":"https:\/\/zeus.umh.es\/ca\/wp-json\/wp\/v2\/pages\/1313"}],"collection":[{"href":"https:\/\/zeus.umh.es\/ca\/wp-json\/wp\/v2\/pages"}],"about":[{"href":"https:\/\/zeus.umh.es\/ca\/wp-json\/wp\/v2\/types\/page"}],"author":[{"embeddable":true,"href":"https:\/\/zeus.umh.es\/ca\/wp-json\/wp\/v2\/users\/4"}],"replies":[{"embeddable":true,"href":"https:\/\/zeus.umh.es\/ca\/wp-json\/wp\/v2\/comments?post=1313"}],"version-history":[{"count":0,"href":"https:\/\/zeus.umh.es\/ca\/wp-json\/wp\/v2\/pages\/1313\/revisions"}],"up":[{"embeddable":true,"href":"https:\/\/zeus.umh.es\/ca\/wp-json\/wp\/v2\/pages\/1310"}],"wp:attachment":[{"href":"https:\/\/zeus.umh.es\/ca\/wp-json\/wp\/v2\/media?parent=1313"}],"curies":[{"name":"wp","href":"https:\/\/api.w.org\/{rel}","templated":true}]}}