{"id":30,"date":"2011-09-02T06:17:51","date_gmt":"2011-09-02T06:17:51","guid":{"rendered":"http:\/\/vdo.rrhh.umh.es\/presentacion\/"},"modified":"2024-03-01T13:27:59","modified_gmt":"2024-03-01T12:27:59","slug":"presentacion","status":"publish","type":"page","link":"https:\/\/zeus.umh.es\/en\/","title":{"rendered":"Presentaci\u00f3n"},"content":{"rendered":"<p>[et_pb_section admin_label=&#8221;section&#8221;]<br \/>\n\t\t\t[et_pb_row admin_label=&#8221;row&#8221;]<br \/>\n\t\t\t\t[et_pb_column type=&#8221;4_4&#8243;][et_pb_text admin_label=&#8221;Text&#8221;]Bienvenido al servicio de blogs de la Universidad Miguel Hern\u00e1ndez de Elche. Puedes consultar toda la informaci\u00f3n sobre este servicio en el sitio web del Servicio de Innovaci\u00f3n y Planificaci\u00f3n Tecnol\u00f3gica (SIPT) en la <a href=\"https:\/\/sipt.umh.es\/servicios\/gestion-de-espacios-y-portales-web\/espacios-y-portales-web\/\" target=\"_blank\" rel=\"noopener\">secci\u00f3n de Alojamiento y plataforma WordPress<\/a>.<br \/>\nTambi\u00e9n le ofrecemos desde aqu\u00ed el <a href=\"https:\/\/universite.umh.es\/orbeon\/fr\/SOLICITUDES_TIC\/SOLICITUD_PUBLICACION_WEB\/new?form-version=1\" target=\"_blank\" rel=\"noopener\">formulario de solicitud de blog.<\/a>[\/et_pb_text][\/et_pb_column]<br \/>\n\t\t\t[\/et_pb_row]<br \/>\n\t\t[\/et_pb_section]<\/p>\n","protected":false},"excerpt":{"rendered":"<p>[et_pb_section admin_label=&#8221;section&#8221;]<br \/>\n\t\t\t[et_pb_row admin_label=&#8221;row&#8221;]<br \/>\n\t\t\t\t[et_pb_column type=&#8221;4_4&#8243;][et_pb_text admin_label=&#8221;Text&#8221;]Bienvenido al servicio de blogs de la Universidad Miguel Hern\u00e1ndez de Elche. Puedes consultar toda la informaci\u00f3n sobre este servicio en el sitio web del Servicio de Innovaci\u00f3n y Planificaci\u00f3n Tecnol\u00f3gica (SIPT) en la secci\u00f3n de Alojamiento y plataforma WordPress.<br \/>\nTambi\u00e9n le ofrecemos desde aqu\u00ed el formulario de solicitud de blog.[\/et_pb_text][\/et_pb_column]<br \/>\n\t\t\t[\/et_pb_row]<br \/>\n\t\t[\/et_pb_section]<\/p>\n","protected":false},"author":1,"featured_media":0,"parent":0,"menu_order":0,"comment_status":"closed","ping_status":"open","template":"","meta":{"ngg_post_thumbnail":0,"_links_to":"","_links_to_target":""},"_links":{"self":[{"href":"https:\/\/zeus.umh.es\/en\/wp-json\/wp\/v2\/pages\/30"}],"collection":[{"href":"https:\/\/zeus.umh.es\/en\/wp-json\/wp\/v2\/pages"}],"about":[{"href":"https:\/\/zeus.umh.es\/en\/wp-json\/wp\/v2\/types\/page"}],"author":[{"embeddable":true,"href":"https:\/\/zeus.umh.es\/en\/wp-json\/wp\/v2\/users\/1"}],"replies":[{"embeddable":true,"href":"https:\/\/zeus.umh.es\/en\/wp-json\/wp\/v2\/comments?post=30"}],"version-history":[{"count":0,"href":"https:\/\/zeus.umh.es\/en\/wp-json\/wp\/v2\/pages\/30\/revisions"}],"wp:attachment":[{"href":"https:\/\/zeus.umh.es\/en\/wp-json\/wp\/v2\/media?parent=30"}],"curies":[{"name":"wp","href":"https:\/\/api.w.org\/{rel}","templated":true}]}}